{"id":38,"date":"2017-12-17T10:02:09","date_gmt":"2017-12-17T10:02:09","guid":{"rendered":"https:\/\/afkp.fr\/index.php\/store\/"},"modified":"2023-03-27T12:33:22","modified_gmt":"2023-03-27T10:33:22","slug":"store","status":"publish","type":"page","link":"https:\/\/afkp.fr\/index.php\/store\/","title":{"rendered":"Store"},"content":{"rendered":"","protected":false},"excerpt":{"rendered":"","protected":false},"author":2,"featured_media":0,"parent":0,"menu_order":0,"comment_status":"closed","ping_status":"closed","template":"","meta":{"_acf_changed":false,"content-type":"","_uag_custom_page_level_css":"","site-sidebar-layout":"default","site-content-layout":"default","ast-site-content-layout":"default","site-content-style":"default","site-sidebar-style":"default","ast-global-header-display":"","ast-banner-title-visibility":"","ast-main-header-display":"","ast-hfb-above-header-display":"","ast-hfb-below-header-display":"","ast-hfb-mobile-header-display":"","site-post-title":"disabled","ast-breadcrumbs-content":"","ast-featured-img":"disabled","footer-sml-layout":"","ast-disable-related-posts":"","theme-transparent-header-meta":"default","adv-header-id-meta":"","stick-header-meta":"","header-above-stick-meta":"","header-main-stick-meta":"","header-below-stick-meta":"","astra-migrate-meta-layouts":"default","ast-page-background-enabled":"default","ast-page-background-meta":{"desktop":{"background-color":"","background-image":"","background-repeat":"repeat","background-position":"center center","background-size":"auto","background-attachment":"scroll","background-type":"","background-media":"","overlay-type":"","overlay-color":"","overlay-opacity":"","overlay-gradient":""},"tablet":{"background-color":"","background-image":"","background-repeat":"repeat","background-position":"center center","background-size":"auto","background-attachment":"scroll","background-type":"","background-media":"","overlay-type":"","overlay-color":"","overlay-opacity":"","overlay-gradient":""},"mobile":{"background-color":"","background-image":"","background-repeat":"repeat","background-position":"center center","background-size":"auto","background-attachment":"scroll","background-type":"","background-media":"","overlay-type":"","overlay-color":"","overlay-opacity":"","overlay-gradient":""}},"ast-content-background-meta":{"desktop":{"background-color":"var(--ast-global-color-5)","background-image":"","background-repeat":"repeat","background-position":"center center","background-size":"auto","background-attachment":"scroll","background-type":"","background-media":"","overlay-type":"","overlay-color":"","overlay-opacity":"","overlay-gradient":""},"tablet":{"background-color":"var(--ast-global-color-5)","background-image":"","background-repeat":"repeat","background-position":"center center","background-size":"auto","background-attachment":"scroll","background-type":"","background-media":"","overlay-type":"","overlay-color":"","overlay-opacity":"","overlay-gradient":""},"mobile":{"background-color":"var(--ast-global-color-5)","background-image":"","background-repeat":"repeat","background-position":"center center","background-size":"auto","background-attachment":"scroll","background-type":"","background-media":"","overlay-type":"","overlay-color":"","overlay-opacity":"","overlay-gradient":""}},"footnotes":""},"class_list":["post-38","page","type-page","status-publish","hentry"],"acf":[],"yoast_head":"<!-- This site is optimized with the Yoast SEO plugin v27.5 - https:\/\/yoast.com\/product\/yoast-seo-wordpress\/ -->\n<title>Store - AFKP<\/title>\n<meta name=\"robots\" content=\"index, follow, max-snippet:-1, max-image-preview:large, max-video-preview:-1\" \/>\n<link rel=\"canonical\" href=\"https:\/\/afkp.fr\/index.php\/store\/\" \/>\n<meta property=\"og:locale\" content=\"fr_FR\" \/>\n<meta property=\"og:type\" content=\"article\" \/>\n<meta property=\"og:title\" content=\"Store - AFKP\" \/>\n<meta property=\"og:url\" content=\"https:\/\/afkp.fr\/index.php\/store\/\" \/>\n<meta property=\"og:site_name\" content=\"AFKP\" \/>\n<meta property=\"article:publisher\" content=\"https:\/\/www.facebook.com\/afkpedia\" \/>\n<meta property=\"article:modified_time\" content=\"2023-03-27T10:33:22+00:00\" \/>\n<meta name=\"twitter:card\" content=\"summary_large_image\" \/>\n<script type=\"application\/ld+json\" class=\"yoast-schema-graph\">{\"@context\":\"https:\\\/\\\/schema.org\",\"@graph\":[{\"@type\":\"WebPage\",\"@id\":\"https:\\\/\\\/afkp.fr\\\/index.php\\\/store\\\/\",\"url\":\"https:\\\/\\\/afkp.fr\\\/index.php\\\/store\\\/\",\"name\":\"Store - AFKP\",\"isPartOf\":{\"@id\":\"https:\\\/\\\/afkp.fr\\\/#website\"},\"datePublished\":\"2017-12-17T10:02:09+00:00\",\"dateModified\":\"2023-03-27T10:33:22+00:00\",\"breadcrumb\":{\"@id\":\"https:\\\/\\\/afkp.fr\\\/index.php\\\/store\\\/#breadcrumb\"},\"inLanguage\":\"fr-FR\",\"potentialAction\":[{\"@type\":\"ReadAction\",\"target\":[\"https:\\\/\\\/afkp.fr\\\/index.php\\\/store\\\/\"]}]},{\"@type\":\"BreadcrumbList\",\"@id\":\"https:\\\/\\\/afkp.fr\\\/index.php\\\/store\\\/#breadcrumb\",\"itemListElement\":[{\"@type\":\"ListItem\",\"position\":1,\"name\":\"Accueil\",\"item\":\"https:\\\/\\\/afkp.fr\\\/\"},{\"@type\":\"ListItem\",\"position\":2,\"name\":\"Store\"}]},{\"@type\":\"WebSite\",\"@id\":\"https:\\\/\\\/afkp.fr\\\/#website\",\"url\":\"https:\\\/\\\/afkp.fr\\\/\",\"name\":\"AFKP\",\"description\":\"Association Fran\u00e7aise de Kin\u00e9sith\u00e9rapie P\u00e9diatrique\",\"publisher\":{\"@id\":\"https:\\\/\\\/afkp.fr\\\/#organization\"},\"potentialAction\":[{\"@type\":\"SearchAction\",\"target\":{\"@type\":\"EntryPoint\",\"urlTemplate\":\"https:\\\/\\\/afkp.fr\\\/?s={search_term_string}\"},\"query-input\":{\"@type\":\"PropertyValueSpecification\",\"valueRequired\":true,\"valueName\":\"search_term_string\"}}],\"inLanguage\":\"fr-FR\"},{\"@type\":\"Organization\",\"@id\":\"https:\\\/\\\/afkp.fr\\\/#organization\",\"name\":\"Association Fran\u00e7aise de Kin\u00e9sith\u00e9rapie P\u00e9diatrique\",\"url\":\"https:\\\/\\\/afkp.fr\\\/\",\"logo\":{\"@type\":\"ImageObject\",\"inLanguage\":\"fr-FR\",\"@id\":\"https:\\\/\\\/afkp.fr\\\/#\\\/schema\\\/logo\\\/image\\\/\",\"url\":\"https:\\\/\\\/afkp.fr\\\/wp-content\\\/uploads\\\/2023\\\/03\\\/cropped-cropped-cropped-cropped-cropped-cropped-logo-officiel-2023-180.png\",\"contentUrl\":\"https:\\\/\\\/afkp.fr\\\/wp-content\\\/uploads\\\/2023\\\/03\\\/cropped-cropped-cropped-cropped-cropped-cropped-logo-officiel-2023-180.png\",\"width\":178,\"height\":156,\"caption\":\"Association Fran\u00e7aise de Kin\u00e9sith\u00e9rapie P\u00e9diatrique\"},\"image\":{\"@id\":\"https:\\\/\\\/afkp.fr\\\/#\\\/schema\\\/logo\\\/image\\\/\"},\"sameAs\":[\"https:\\\/\\\/www.facebook.com\\\/afkpedia\",\"https:\\\/\\\/www.instagram.com\\\/assofrancaisedekinepediatrique\\\/\",\"https:\\\/\\\/www.linkedin.com\\\/in\\\/association-franaise-de-kinsithrapie-pdiatrique-249635268\\\/\"]}]}<\/script>\n<!-- \/ Yoast SEO plugin. -->","yoast_head_json":{"title":"Store - AFKP","robots":{"index":"index","follow":"follow","max-snippet":"max-snippet:-1","max-image-preview":"max-image-preview:large","max-video-preview":"max-video-preview:-1"},"canonical":"https:\/\/afkp.fr\/index.php\/store\/","og_locale":"fr_FR","og_type":"article","og_title":"Store - AFKP","og_url":"https:\/\/afkp.fr\/index.php\/store\/","og_site_name":"AFKP","article_publisher":"https:\/\/www.facebook.com\/afkpedia","article_modified_time":"2023-03-27T10:33:22+00:00","twitter_card":"summary_large_image","schema":{"@context":"https:\/\/schema.org","@graph":[{"@type":"WebPage","@id":"https:\/\/afkp.fr\/index.php\/store\/","url":"https:\/\/afkp.fr\/index.php\/store\/","name":"Store - AFKP","isPartOf":{"@id":"https:\/\/afkp.fr\/#website"},"datePublished":"2017-12-17T10:02:09+00:00","dateModified":"2023-03-27T10:33:22+00:00","breadcrumb":{"@id":"https:\/\/afkp.fr\/index.php\/store\/#breadcrumb"},"inLanguage":"fr-FR","potentialAction":[{"@type":"ReadAction","target":["https:\/\/afkp.fr\/index.php\/store\/"]}]},{"@type":"BreadcrumbList","@id":"https:\/\/afkp.fr\/index.php\/store\/#breadcrumb","itemListElement":[{"@type":"ListItem","position":1,"name":"Accueil","item":"https:\/\/afkp.fr\/"},{"@type":"ListItem","position":2,"name":"Store"}]},{"@type":"WebSite","@id":"https:\/\/afkp.fr\/#website","url":"https:\/\/afkp.fr\/","name":"AFKP","description":"Association Fran\u00e7aise de Kin\u00e9sith\u00e9rapie P\u00e9diatrique","publisher":{"@id":"https:\/\/afkp.fr\/#organization"},"potentialAction":[{"@type":"SearchAction","target":{"@type":"EntryPoint","urlTemplate":"https:\/\/afkp.fr\/?s={search_term_string}"},"query-input":{"@type":"PropertyValueSpecification","valueRequired":true,"valueName":"search_term_string"}}],"inLanguage":"fr-FR"},{"@type":"Organization","@id":"https:\/\/afkp.fr\/#organization","name":"Association Fran\u00e7aise de Kin\u00e9sith\u00e9rapie P\u00e9diatrique","url":"https:\/\/afkp.fr\/","logo":{"@type":"ImageObject","inLanguage":"fr-FR","@id":"https:\/\/afkp.fr\/#\/schema\/logo\/image\/","url":"https:\/\/afkp.fr\/wp-content\/uploads\/2023\/03\/cropped-cropped-cropped-cropped-cropped-cropped-logo-officiel-2023-180.png","contentUrl":"https:\/\/afkp.fr\/wp-content\/uploads\/2023\/03\/cropped-cropped-cropped-cropped-cropped-cropped-logo-officiel-2023-180.png","width":178,"height":156,"caption":"Association Fran\u00e7aise de Kin\u00e9sith\u00e9rapie P\u00e9diatrique"},"image":{"@id":"https:\/\/afkp.fr\/#\/schema\/logo\/image\/"},"sameAs":["https:\/\/www.facebook.com\/afkpedia","https:\/\/www.instagram.com\/assofrancaisedekinepediatrique\/","https:\/\/www.linkedin.com\/in\/association-franaise-de-kinsithrapie-pdiatrique-249635268\/"]}]}},"uagb_featured_image_src":{"full":false,"thumbnail":false,"medium":false,"medium_large":false,"large":false,"thumblist":false,"thumbrelated":false,"meccarouselthumb":false,"gridsquare":false,"tileview":false,"1536x1536":false,"2048x2048":false},"uagb_author_info":{"display_name":"Guillaume COLLET","author_link":"https:\/\/afkp.fr\/index.php\/author\/gcollet\/"},"uagb_comment_info":0,"uagb_excerpt":null,"_links":{"self":[{"href":"https:\/\/afkp.fr\/index.php\/wp-json\/wp\/v2\/pages\/38","targetHints":{"allow":["GET"]}}],"collection":[{"href":"https:\/\/afkp.fr\/index.php\/wp-json\/wp\/v2\/pages"}],"about":[{"href":"https:\/\/afkp.fr\/index.php\/wp-json\/wp\/v2\/types\/page"}],"author":[{"embeddable":true,"href":"https:\/\/afkp.fr\/index.php\/wp-json\/wp\/v2\/users\/2"}],"replies":[{"embeddable":true,"href":"https:\/\/afkp.fr\/index.php\/wp-json\/wp\/v2\/comments?post=38"}],"version-history":[{"count":1,"href":"https:\/\/afkp.fr\/index.php\/wp-json\/wp\/v2\/pages\/38\/revisions"}],"predecessor-version":[{"id":4388,"href":"https:\/\/afkp.fr\/index.php\/wp-json\/wp\/v2\/pages\/38\/revisions\/4388"}],"wp:attachment":[{"href":"https:\/\/afkp.fr\/index.php\/wp-json\/wp\/v2\/media?parent=38"}],"curies":[{"name":"wp","href":"https:\/\/api.w.org\/{rel}","templated":true}]}}